{"id":749,"date":"2025-11-08T21:57:44","date_gmt":"2025-11-08T19:57:44","guid":{"rendered":"http:\/\/sualti.org\/?page_id=749"},"modified":"2025-11-08T21:57:44","modified_gmt":"2025-11-08T19:57:44","slug":"iletisim","status":"publish","type":"page","link":"https:\/\/sualti.org\/?page_id=749","title":{"rendered":"\u0130LET\u0130\u015e\u0130M"},"content":{"rendered":"\n<p>E-posta: dernek@sualti.org <\/p>\n","protected":false},"excerpt":{"rendered":"<p>E-posta: dernek@sualti.org<\/p>\n","protected":false},"author":1,"featured_media":0,"parent":0,"menu_order":0,"comment_status":"closed","ping_status":"closed","template":"","meta":{"footnotes":""},"class_list":["post-749","page","type-page","status-publish","hentry","entry"],"_links":{"self":[{"href":"https:\/\/sualti.org\/index.php?rest_route=\/wp\/v2\/pages\/749","targetHints":{"allow":["GET"]}}],"collection":[{"href":"https:\/\/sualti.org\/index.php?rest_route=\/wp\/v2\/pages"}],"about":[{"href":"https:\/\/sualti.org\/index.php?rest_route=\/wp\/v2\/types\/page"}],"author":[{"embeddable":true,"href":"https:\/\/sualti.org\/index.php?rest_route=\/wp\/v2\/users\/1"}],"replies":[{"embeddable":true,"href":"https:\/\/sualti.org\/index.php?rest_route=%2Fwp%2Fv2%2Fcomments&post=749"}],"version-history":[{"count":1,"href":"https:\/\/sualti.org\/index.php?rest_route=\/wp\/v2\/pages\/749\/revisions"}],"predecessor-version":[{"id":751,"href":"https:\/\/sualti.org\/index.php?rest_route=\/wp\/v2\/pages\/749\/revisions\/751"}],"wp:attachment":[{"href":"https:\/\/sualti.org\/index.php?rest_route=%2Fwp%2Fv2%2Fmedia&parent=749"}],"curies":[{"name":"wp","href":"https:\/\/api.w.org\/{rel}","templated":true}]}}