{"id":6,"date":"2016-01-04T12:32:11","date_gmt":"2016-01-04T10:32:11","guid":{"rendered":"http:\/\/sualti.org\/?page_id=6"},"modified":"2025-12-02T16:13:19","modified_gmt":"2025-12-02T14:13:19","slug":"yonetim","status":"publish","type":"page","link":"https:\/\/sualti.org\/?page_id=6","title":{"rendered":"Y\u00d6NET\u0130M KURULU"},"content":{"rendered":"<p><strong>Ba\u015fkan:<\/strong><br \/>\nProf.Dr. Ak\u0131n Sava\u015f TOKLU<\/p>\n<p><strong>Ba\u015fkan Yard\u0131mc\u0131s\u0131:<br \/>\n<\/strong>Do\u00e7.Dr. Beng\u00fcsu M\u0130RASO\u011eLU<\/p>\n<p><strong>Sekreter:<\/strong><br \/>\nDo\u00e7.Dr. Abdullah ARSLAN<\/p>\n<p><strong>Sayman:<\/strong><br \/>\nDo\u00e7.Dr. \u015eefika K\u00d6RPINAR<\/p>\n<p><strong>\u00dcye:<\/strong><br \/>\nDr.\u00d6\u011fr. Yavuz ASLAN<\/p>\n","protected":false},"excerpt":{"rendered":"<p>Ba\u015fkan: Prof.Dr. Ak\u0131n Sava\u015f TOKLU Ba\u015fkan Yard\u0131mc\u0131s\u0131: Do\u00e7.Dr. Beng\u00fcsu M\u0130RASO\u011eLU Sekreter: Do\u00e7.Dr. Abdullah ARSLAN Sayman: Do\u00e7.Dr. \u015eefika K\u00d6RPINAR \u00dcye: Dr.\u00d6\u011fr. Yavuz ASLAN<\/p>\n","protected":false},"author":1,"featured_media":0,"parent":0,"menu_order":0,"comment_status":"closed","ping_status":"closed","template":"","meta":{"footnotes":""},"class_list":["post-6","page","type-page","status-publish","hentry","entry"],"_links":{"self":[{"href":"https:\/\/sualti.org\/index.php?rest_route=\/wp\/v2\/pages\/6","targetHints":{"allow":["GET"]}}],"collection":[{"href":"https:\/\/sualti.org\/index.php?rest_route=\/wp\/v2\/pages"}],"about":[{"href":"https:\/\/sualti.org\/index.php?rest_route=\/wp\/v2\/types\/page"}],"author":[{"embeddable":true,"href":"https:\/\/sualti.org\/index.php?rest_route=\/wp\/v2\/users\/1"}],"replies":[{"embeddable":true,"href":"https:\/\/sualti.org\/index.php?rest_route=%2Fwp%2Fv2%2Fcomments&post=6"}],"version-history":[{"count":10,"href":"https:\/\/sualti.org\/index.php?rest_route=\/wp\/v2\/pages\/6\/revisions"}],"predecessor-version":[{"id":766,"href":"https:\/\/sualti.org\/index.php?rest_route=\/wp\/v2\/pages\/6\/revisions\/766"}],"wp:attachment":[{"href":"https:\/\/sualti.org\/index.php?rest_route=%2Fwp%2Fv2%2Fmedia&parent=6"}],"curies":[{"name":"wp","href":"https:\/\/api.w.org\/{rel}","templated":true}]}}