{"id":634,"date":"2024-08-01T09:08:17","date_gmt":"2024-08-01T07:08:17","guid":{"rendered":"http:\/\/sualti.org\/?page_id=634"},"modified":"2026-04-01T09:19:06","modified_gmt":"2026-04-01T07:19:06","slug":"bulten-su6","status":"publish","type":"page","link":"http:\/\/sualti.org\/?page_id=634","title":{"rendered":""},"content":{"rendered":"\n<figure class=\"wp-block-image size-full\"><a href=\"http:\/\/sualti.org\/wp-content\/uploads\/2024\/08\/Bulten_Su6-Agustos-2024.pdf\"><img loading=\"lazy\" decoding=\"async\" width=\"1646\" height=\"448\" src=\"http:\/\/sualti.org\/wp-content\/uploads\/2024\/08\/Screenshot-2024-08-02-at-10.05.40.png\" alt=\"\" class=\"wp-image-644\" srcset=\"http:\/\/sualti.org\/wp-content\/uploads\/2024\/08\/Screenshot-2024-08-02-at-10.05.40.png 1646w, http:\/\/sualti.org\/wp-content\/uploads\/2024\/08\/Screenshot-2024-08-02-at-10.05.40-300x82.png 300w, http:\/\/sualti.org\/wp-content\/uploads\/2024\/08\/Screenshot-2024-08-02-at-10.05.40-768x209.png 768w, http:\/\/sualti.org\/wp-content\/uploads\/2024\/08\/Screenshot-2024-08-02-at-10.05.40-1536x418.png 1536w\" sizes=\"auto, (max-width: 1646px) 100vw, 1646px\" \/><\/a><\/figure>\n\n\n\n<p><strong>B\u00fclten Su6 A\u011fustos 2024, Say\u0131 1 i\u00e7in <a href=\"http:\/\/sualti.org\/wp-content\/uploads\/2024\/08\/Bulten_Su6-Agustos-2024.pdf\">t\u0131klay\u0131n\u0131z<\/a><\/strong><br><strong>B\u00fclten Su6 Aral\u0131k 2024, Say\u0131 2 i\u00e7in <a href=\"http:\/\/sualti.org\/wp-content\/uploads\/2024\/12\/Bulten-_Aralik_2024.pdf\">t\u0131klay\u0131n\u0131z<\/a><\/strong><br><strong>B\u00fclten Su6 Nisan 2025, Say\u0131 3 i\u00e7in <\/strong><a href=\"http:\/\/sualti.org\/wp-content\/uploads\/2025\/03\/BultenSu6_Nisan_2025.pdf\"><strong>t\u0131klay\u0131n<\/strong>\u0131z<\/a><br><strong>B\u00fclten Su6 A\u011fustos 2025, Say\u0131 4 i\u00e7in <\/strong><a href=\"http:\/\/sualti.org\/wp-content\/uploads\/2025\/07\/Bulten-_Agustos2025.pdf\" target=\"_blank\" rel=\"noreferrer noopener\"><strong>t\u0131klay\u0131n<\/strong>\u0131z<\/a><br><strong>B\u00fclten Su6 Aral\u0131k 2025, Say\u0131 5 i\u00e7in <\/strong><a href=\"http:\/\/sualti.org\/wp-content\/uploads\/2025\/12\/Bulten-_Aralik_2025.pdf\" target=\"_blank\" rel=\"noreferrer noopener\"><strong>t\u0131klay\u0131n<\/strong>\u0131z<\/a><br><strong>B\u00fclten Su6 Nisan 2026, Say\u0131 6 i\u00e7in <\/strong><a href=\"http:\/\/sualti.org\/wp-content\/uploads\/2026\/04\/Bulten-_Nisan_2026_HR.pdf\"><strong>t\u0131klay\u0131n<\/strong>\u0131z<\/a><\/p>\n\n\n\n<p><\/p>\n\n\n\n<p><\/p>\n\n\n\n<p><\/p>\n\n\n\n<p><\/p>\n\n\n\n<p><\/p>\n","protected":false},"excerpt":{"rendered":"<p>B\u00fclten Su6 A\u011fustos 2024, Say\u0131 1 i\u00e7in t\u0131klay\u0131n\u0131zB\u00fclten Su6 Aral\u0131k 2024, Say\u0131 2 i\u00e7in t\u0131klay\u0131n\u0131zB\u00fclten Su6 Nisan 2025, Say\u0131 3 i\u00e7in t\u0131klay\u0131n\u0131zB\u00fclten Su6 A\u011fustos 2025,&#8230;<\/p>\n<div class=\"more-link-wrapper\"><a class=\"more-link\" href=\"http:\/\/sualti.org\/?page_id=634\">Devam\u0131n\u0131 okuyun<span class=\"screen-reader-text\"><\/span><\/a><\/div>\n","protected":false},"author":1,"featured_media":0,"parent":0,"menu_order":0,"comment_status":"closed","ping_status":"closed","template":"","meta":{"footnotes":""},"class_list":["post-634","page","type-page","status-publish","hentry","entry"],"_links":{"self":[{"href":"http:\/\/sualti.org\/index.php?rest_route=\/wp\/v2\/pages\/634","targetHints":{"allow":["GET"]}}],"collection":[{"href":"http:\/\/sualti.org\/index.php?rest_route=\/wp\/v2\/pages"}],"about":[{"href":"http:\/\/sualti.org\/index.php?rest_route=\/wp\/v2\/types\/page"}],"author":[{"embeddable":true,"href":"http:\/\/sualti.org\/index.php?rest_route=\/wp\/v2\/users\/1"}],"replies":[{"embeddable":true,"href":"http:\/\/sualti.org\/index.php?rest_route=%2Fwp%2Fv2%2Fcomments&post=634"}],"version-history":[{"count":27,"href":"http:\/\/sualti.org\/index.php?rest_route=\/wp\/v2\/pages\/634\/revisions"}],"predecessor-version":[{"id":802,"href":"http:\/\/sualti.org\/index.php?rest_route=\/wp\/v2\/pages\/634\/revisions\/802"}],"wp:attachment":[{"href":"http:\/\/sualti.org\/index.php?rest_route=%2Fwp%2Fv2%2Fmedia&parent=634"}],"curies":[{"name":"wp","href":"https:\/\/api.w.org\/{rel}","templated":true}]}}